{"id":3771,"date":"2019-06-03T14:46:01","date_gmt":"2019-06-03T17:46:01","guid":{"rendered":"https:\/\/oficinadevalor.com.br\/wp\/?page_id=3771"},"modified":"2025-05-02T18:05:09","modified_gmt":"2025-05-02T21:05:09","slug":"blog-2","status":"publish","type":"page","link":"https:\/\/oficinadevalor.com.br\/ng\/blog-2\/","title":{"rendered":"BLOG"},"content":{"rendered":"\t\t<div data-elementor-type=\"wp-post\" data-elementor-id=\"3771\" class=\"elementor elementor-3771\">\n\t\t\t\t\t\t<section class=\"elementor-section elementor-top-section elementor-element elementor-element-7347231b elementor-section-boxed elementor-section-height-default elementor-section-height-default\" data-id=\"7347231b\" data-element_type=\"section\" data-settings=\"{&quot;background_background&quot;:&quot;classic&quot;}\">\n\t\t\t\t\t\t<div class=\"elementor-container elementor-column-gap-default\">\n\t\t\t\t\t<div class=\"elementor-column elementor-col-100 elementor-top-column elementor-element elementor-element-bab170d\" data-id=\"bab170d\" data-element_type=\"column\">\n\t\t\t<div class=\"elementor-widget-wrap\">\n\t\t\t\t\t\t\t<\/div>\n\t\t<\/div>\n\t\t\t\t\t<\/div>\n\t\t<\/section>\n\t\t\t\t<section class=\"elementor-section elementor-top-section elementor-element elementor-element-23d84c33 elementor-section-boxed elementor-section-height-default elementor-section-height-default\" data-id=\"23d84c33\" data-element_type=\"section\" data-settings=\"{&quot;background_background&quot;:&quot;classic&quot;}\">\n\t\t\t\t\t\t<div class=\"elementor-container elementor-column-gap-default\">\n\t\t\t\t\t<div class=\"elementor-column elementor-col-100 elementor-top-column elementor-element elementor-element-210e7e04\" data-id=\"210e7e04\" data-element_type=\"column\">\n\t\t\t<div class=\"elementor-widget-wrap elementor-element-populated\">\n\t\t\t\t\t\t<div class=\"elementor-element elementor-element-78aade6b elementor-widget elementor-widget-spacer\" data-id=\"78aade6b\" data-element_type=\"widget\" data-widget_type=\"spacer.default\">\n\t\t\t\t<div class=\"elementor-widget-container\">\n\t\t\t\t\t<div class=\"elementor-spacer\">\n\t\t\t<div class=\"elementor-spacer-inner\"><\/div>\n\t\t<\/div>\n\t\t\t\t<\/div>\n\t\t\t\t<\/div>\n\t\t\t\t\t<\/div>\n\t\t<\/div>\n\t\t\t\t\t<\/div>\n\t\t<\/section>\n\t\t\t\t<section class=\"elementor-section elementor-top-section elementor-element elementor-element-74af08fa elementor-section-boxed elementor-section-height-default elementor-section-height-default\" data-id=\"74af08fa\" data-element_type=\"section\" data-settings=\"{&quot;background_background&quot;:&quot;classic&quot;}\">\n\t\t\t\t\t\t<div class=\"elementor-container elementor-column-gap-default\">\n\t\t\t\t\t<div class=\"elementor-column elementor-col-100 elementor-top-column elementor-element elementor-element-5d429c02\" data-id=\"5d429c02\" data-element_type=\"column\">\n\t\t\t<div class=\"elementor-widget-wrap elementor-element-populated\">\n\t\t\t\t\t\t<div class=\"elementor-element elementor-element-44d8f36b elementor-widget elementor-widget-heading\" data-id=\"44d8f36b\" data-element_type=\"widget\" data-widget_type=\"heading.default\">\n\t\t\t\t<div class=\"elementor-widget-container\">\n\t\t\t<h2 class=\"elementor-heading-title elementor-size-default\">BLOG<\/h2>\t\t<\/div>\n\t\t\t\t<\/div>\n\t\t\t\t\t<\/div>\n\t\t<\/div>\n\t\t\t\t\t<\/div>\n\t\t<\/section>\n\t\t\t\t<section class=\"elementor-section elementor-top-section elementor-element elementor-element-78645aa5 elementor-section-boxed elementor-section-height-default elementor-section-height-default\" data-id=\"78645aa5\" data-element_type=\"section\" data-settings=\"{&quot;background_background&quot;:&quot;classic&quot;}\">\n\t\t\t\t\t\t<div class=\"elementor-container elementor-column-gap-default\">\n\t\t\t\t\t<div class=\"elementor-column elementor-col-33 elementor-top-column elementor-element elementor-element-24e6eb2c\" data-id=\"24e6eb2c\" data-element_type=\"column\">\n\t\t\t<div class=\"elementor-widget-wrap elementor-element-populated\">\n\t\t\t\t\t\t<div class=\"elementor-element elementor-element-218787b5 e-grid-align-left elementor-shape-rounded elementor-grid-0 elementor-widget elementor-widget-social-icons\" data-id=\"218787b5\" data-element_type=\"widget\" data-widget_type=\"social-icons.default\">\n\t\t\t\t<div class=\"elementor-widget-container\">\n\t\t\t\t\t<div class=\"elementor-social-icons-wrapper elementor-grid\">\n\t\t\t\t\t\t\t<span class=\"elementor-grid-item\">\n\t\t\t\t\t<a class=\"elementor-icon elementor-social-icon elementor-social-icon-facebook elementor-repeater-item-fad47e4\" target=\"_blank\">\n\t\t\t\t\t\t<span class=\"elementor-screen-only\">Facebook<\/span>\n\t\t\t\t\t\t\t\t\t\t\t\t\t<i class=\"fa fa-facebook\"><\/i>\n\t\t\t\t\t\t\t\t\t\t\t<\/a>\n\t\t\t\t<\/span>\n\t\t\t\t\t\t\t<span class=\"elementor-grid-item\">\n\t\t\t\t\t<a class=\"elementor-icon elementor-social-icon elementor-social-icon-twitter elementor-repeater-item-c89cd70\" target=\"_blank\">\n\t\t\t\t\t\t<span class=\"elementor-screen-only\">Twitter<\/span>\n\t\t\t\t\t\t\t\t\t\t\t\t\t<i class=\"fa fa-twitter\"><\/i>\n\t\t\t\t\t\t\t\t\t\t\t<\/a>\n\t\t\t\t<\/span>\n\t\t\t\t\t\t\t<span class=\"elementor-grid-item\">\n\t\t\t\t\t<a class=\"elementor-icon elementor-social-icon elementor-social-icon-linkedin elementor-repeater-item-e34f97a\" target=\"_blank\">\n\t\t\t\t\t\t<span class=\"elementor-screen-only\">Linkedin<\/span>\n\t\t\t\t\t\t\t\t\t\t\t\t\t<i class=\"fa fa-linkedin\"><\/i>\n\t\t\t\t\t\t\t\t\t\t\t<\/a>\n\t\t\t\t<\/span>\n\t\t\t\t\t<\/div>\n\t\t\t\t<\/div>\n\t\t\t\t<\/div>\n\t\t\t\t\t<\/div>\n\t\t<\/div>\n\t\t\t\t<div class=\"elementor-column elementor-col-66 elementor-top-column elementor-element elementor-element-5815919a\" data-id=\"5815919a\" data-element_type=\"column\">\n\t\t\t<div class=\"elementor-widget-wrap\">\n\t\t\t\t\t\t\t<\/div>\n\t\t<\/div>\n\t\t\t\t\t<\/div>\n\t\t<\/section>\n\t\t\t\t<section class=\"elementor-section elementor-top-section elementor-element elementor-element-3efe90e6 elementor-section-full_width elementor-section-height-min-height elementor-section-stretched elementor-section-items-top elementor-section-height-default\" data-id=\"3efe90e6\" data-element_type=\"section\" data-settings=\"{&quot;stretch_section&quot;:&quot;section-stretched&quot;}\">\n\t\t\t\t\t\t<div class=\"elementor-container elementor-column-gap-default\">\n\t\t\t\t\t<div class=\"elementor-column elementor-col-66 elementor-top-column elementor-element elementor-element-37758ea7\" data-id=\"37758ea7\" data-element_type=\"column\">\n\t\t\t<div class=\"elementor-widget-wrap elementor-element-populated\">\n\t\t\t\t\t\t<div class=\"elementor-element elementor-element-39624118 elementor-widget elementor-widget-shortcode\" data-id=\"39624118\" data-element_type=\"widget\" data-widget_type=\"shortcode.default\">\n\t\t\t\t<div class=\"elementor-widget-container\">\n\t\t\t\t\t<div class=\"elementor-shortcode\">\t<div class=\"wpspw-slider-wrp \">\r\n\t\t<div id=\"wpspw-slider-1\" class=\"sp_wpspwpost_slider wpspw-design-1\">\r\n\r\n\t\t\t<div class=\"wpspw-post-slides\">\r\n\t<div class=\"wpspw-post-content-position\">\r\n\t\t<div class=\"wpspw-post-content-left wpspw-medium-8 wpspw-columns\">\r\n\t\t\t\t\t\t\t<div class=\"wpspw-post-categories\"><a href=\"https:\/\/oficinadevalor.com.br\/ng\/category\/execucao-inteligente\/\"><\/a><\/div>\r\n\t\t\t\r\n\t\t\t<h2 class=\"wpspw-post-title\">\r\n\t\t\t\t<a href=\"https:\/\/oficinadevalor.com.br\/ng\/como-pessoas-de-negocios-podem-se-beneficiar-do-data-lake\/\">Como as pessoas de neg\u00f3cios podem se beneficiar do data lake<\/a>\r\n\t\t\t<\/h2>\r\n\r\n\t\t\t\t\t\t\t<div class=\"wpspw-post-date\">\r\n\t\t\t\t\t<span>By <a href=\"https:\/\/oficinadevalor.com.br\/ng\/author\/oficina\/\">Oficina de Valor<\/a><\/span>&nbsp;\/&nbsp;Monday, der 13. June 2022\t\t\t\t<\/div>\r\n\t\t\t\t\t\t\t<div class=\"wpspw-post-content\">\r\n\t\t\t\t\t<div>Data lake \u00e9 um reposit\u00f3rio que armazena dados estruturados e n\u00e3o estruturados. A partir dele pode-se realizar diferentes tipos de...<\/div>\r\n\t\t\t\t\t<a class=\"wpspw-readmorebtn\" href=\"https:\/\/oficinadevalor.com.br\/ng\/como-pessoas-de-negocios-podem-se-beneficiar-do-data-lake\/\">Read More<\/a>\r\n\t\t\t\t<\/div>\r\n\t\t\t\t\t<\/div>\r\n\r\n\t\t<div class=\"wpspw-post-image-bg\">\r\n\t\t\t\t\t\t\t<a href=\"https:\/\/oficinadevalor.com.br\/ng\/como-pessoas-de-negocios-podem-se-beneficiar-do-data-lake\/\">\r\n\t\t\t\t\t<img decoding=\"async\"  src=\"https:\/\/oficinadevalor.com.br\/wp-content\/uploads\/2022\/06\/Iceberg.png\" alt=\"Como as pessoas de neg\u00f3cios podem se beneficiar do data lake\" \/>\r\n\t\t\t\t<\/a>\r\n\t\t\t\t\t<\/div>\r\n\t<\/div>\r\n<\/div><div class=\"wpspw-post-slides\">\r\n\t<div class=\"wpspw-post-content-position\">\r\n\t\t<div class=\"wpspw-post-content-left wpspw-medium-8 wpspw-columns\">\r\n\t\t\t\t\t\t\t<div class=\"wpspw-post-categories\"><a href=\"https:\/\/oficinadevalor.com.br\/ng\/category\/inteligencia-artificial\/\"><\/a><\/div>\r\n\t\t\t\r\n\t\t\t<h2 class=\"wpspw-post-title\">\r\n\t\t\t\t<a href=\"https:\/\/oficinadevalor.com.br\/ng\/i-a-machine-learning-e-deep-learning-replicar-memorizar-e-aprender\/\">I.A., Machine Learning e Deep Learning: Replicar, Memorizar e Aprender<\/a>\r\n\t\t\t<\/h2>\r\n\r\n\t\t\t\t\t\t\t<div class=\"wpspw-post-date\">\r\n\t\t\t\t\t<span>By <a href=\"https:\/\/oficinadevalor.com.br\/ng\/author\/oficina\/\">Oficina de Valor<\/a><\/span>&nbsp;\/&nbsp;Friday, der 22. April 2022\t\t\t\t<\/div>\r\n\t\t\t\t\t\t\t<div class=\"wpspw-post-content\">\r\n\t\t\t\t\t<div>Intelig\u00eancia Artificial: um tema novo? &nbsp; Intelig\u00eancia Artificial \u00e9 um t\u00f3pico amplamente discutido h\u00e1 muito tempo, o termo foi cunhado...<\/div>\r\n\t\t\t\t\t<a class=\"wpspw-readmorebtn\" href=\"https:\/\/oficinadevalor.com.br\/ng\/i-a-machine-learning-e-deep-learning-replicar-memorizar-e-aprender\/\">Read More<\/a>\r\n\t\t\t\t<\/div>\r\n\t\t\t\t\t<\/div>\r\n\r\n\t\t<div class=\"wpspw-post-image-bg\">\r\n\t\t\t\t\t<\/div>\r\n\t<\/div>\r\n<\/div><div class=\"wpspw-post-slides\">\r\n\t<div class=\"wpspw-post-content-position\">\r\n\t\t<div class=\"wpspw-post-content-left wpspw-medium-8 wpspw-columns\">\r\n\t\t\t\t\t\t\t<div class=\"wpspw-post-categories\"><a href=\"https:\/\/oficinadevalor.com.br\/ng\/category\/cultura-e-pessoas\/\">Cultura e Pessoas<\/a><\/div>\r\n\t\t\t\r\n\t\t\t<h2 class=\"wpspw-post-title\">\r\n\t\t\t\t<a href=\"https:\/\/oficinadevalor.com.br\/ng\/o-que-e-ser-purple-people\/\">O que \u00e9 ser Purple People ?<\/a>\r\n\t\t\t<\/h2>\r\n\r\n\t\t\t\t\t\t\t<div class=\"wpspw-post-date\">\r\n\t\t\t\t\t<span>By <a href=\"https:\/\/oficinadevalor.com.br\/ng\/author\/claudia\/\">Cl\u00e1udia Nogueira<\/a><\/span>&nbsp;\/&nbsp;Friday, der 22. April 2022\t\t\t\t<\/div>\r\n\t\t\t\t\t\t\t<div class=\"wpspw-post-content\">\r\n\t\t\t\t\t<div>Desde que li o livro de Wayne Eckerson (1) tive a sensa\u00e7\u00e3o de que&nbsp;finalmente algu\u00e9m tinha conseguido colocar em palavras...<\/div>\r\n\t\t\t\t\t<a class=\"wpspw-readmorebtn\" href=\"https:\/\/oficinadevalor.com.br\/ng\/o-que-e-ser-purple-people\/\">Read More<\/a>\r\n\t\t\t\t<\/div>\r\n\t\t\t\t\t<\/div>\r\n\r\n\t\t<div class=\"wpspw-post-image-bg\">\r\n\t\t\t\t\t\t\t<a href=\"https:\/\/oficinadevalor.com.br\/ng\/o-que-e-ser-purple-people\/\">\r\n\t\t\t\t\t<img decoding=\"async\"  src=\"https:\/\/oficinadevalor.com.br\/wp-content\/uploads\/2022\/04\/imagem_2022-04-22_130925043.png\" alt=\"O que \u00e9 ser Purple People ?\" \/>\r\n\t\t\t\t<\/a>\r\n\t\t\t\t\t<\/div>\r\n\t<\/div>\r\n<\/div><div class=\"wpspw-post-slides\">\r\n\t<div class=\"wpspw-post-content-position\">\r\n\t\t<div class=\"wpspw-post-content-left wpspw-medium-8 wpspw-columns\">\r\n\t\t\t\t\t\t\t<div class=\"wpspw-post-categories\"><a href=\"https:\/\/oficinadevalor.com.br\/ng\/category\/big-data\/\">Big Data<\/a> <a href=\"https:\/\/oficinadevalor.com.br\/ng\/category\/cultura-e-pessoas\/\">Cultura e Pessoas<\/a><\/div>\r\n\t\t\t\r\n\t\t\t<h2 class=\"wpspw-post-title\">\r\n\t\t\t\t<a href=\"https:\/\/oficinadevalor.com.br\/ng\/como-transformar-dados-em-execucao-inteligente\/\">Como transformar dados em execu\u00e7\u00e3o inteligente?<\/a>\r\n\t\t\t<\/h2>\r\n\r\n\t\t\t\t\t\t\t<div class=\"wpspw-post-date\">\r\n\t\t\t\t\t<span>By <a href=\"https:\/\/oficinadevalor.com.br\/ng\/author\/oficina\/\">Oficina de Valor<\/a><\/span>&nbsp;\/&nbsp;Wednesday, der 19. February 2020\t\t\t\t<\/div>\r\n\t\t\t\t\t\t\t<div class=\"wpspw-post-content\">\r\n\t\t\t\t\t<div>Nada adianta ter uma base de dados bem estruturada, com infogr\u00e1ficos e an\u00e1lises complexas e bem feitas se estes dados n\u00e3o sa\u00edrem de suas tocas e se transformarem em a\u00e7\u00f5es e benf\u00edcios para seu neg\u00f3cio. Ao mesmo tempo, solu\u00e7\u00f5es que n\u00e3o aplicam bem os dados n\u00e3o s\u00e3o nada mais que tiros no escuro, na esperan\u00e7a de acertar um alvo qualquer entre milh\u00f5es de poss\u00edveis segmenta\u00e7\u00f5es. Somente ao andar juntos estes processos se tornam relevantes no dia a dia dos neg\u00f3cios. Mas qual o caminho para se navegar nestes mares?<\/div>\r\n\t\t\t\t\t<a class=\"wpspw-readmorebtn\" href=\"https:\/\/oficinadevalor.com.br\/ng\/como-transformar-dados-em-execucao-inteligente\/\">Read More<\/a>\r\n\t\t\t\t<\/div>\r\n\t\t\t\t\t<\/div>\r\n\r\n\t\t<div class=\"wpspw-post-image-bg\">\r\n\t\t\t\t\t\t\t<a href=\"https:\/\/oficinadevalor.com.br\/ng\/como-transformar-dados-em-execucao-inteligente\/\">\r\n\t\t\t\t\t<img decoding=\"async\"  src=\"https:\/\/oficinadevalor.com.br\/wp-content\/uploads\/2020\/02\/Camada-3.jpg\" alt=\"Como transformar dados em execu\u00e7\u00e3o inteligente?\" \/>\r\n\t\t\t\t<\/a>\r\n\t\t\t\t\t<\/div>\r\n\t<\/div>\r\n<\/div>\t\t<\/div>\r\n\t\t<div class=\"wpspw-slider-conf\">{&quot;slides_column&quot;:1,&quot;slides_scroll&quot;:1,&quot;dots&quot;:&quot;true&quot;,&quot;arrows&quot;:&quot;true&quot;,&quot;autoplay&quot;:&quot;true&quot;,&quot;autoplay_interval&quot;:2000,&quot;speed&quot;:300,&quot;lazyload&quot;:&quot;&quot;}<\/div>\r\n\t<\/div>\r\n\r\n<\/div>\n\t\t\t\t<\/div>\n\t\t\t\t<\/div>\n\t\t\t\t\t<\/div>\n\t\t<\/div>\n\t\t\t\t<div class=\"elementor-column elementor-col-33 elementor-top-column elementor-element elementor-element-2f1a82ca\" data-id=\"2f1a82ca\" data-element_type=\"column\">\n\t\t\t<div class=\"elementor-widget-wrap elementor-element-populated\">\n\t\t\t\t\t\t<div class=\"elementor-element elementor-element-63b3bdf9 elementor-widget elementor-widget-image\" data-id=\"63b3bdf9\" data-element_type=\"widget\" data-widget_type=\"image.default\">\n\t\t\t\t<div class=\"elementor-widget-container\">\n\t\t\t\t\t\t\t\t\t\t<figure class=\"wp-caption\">\n\t\t\t\t\t\t\t\t\t\t<img fetchpriority=\"high\" decoding=\"async\" width=\"396\" height=\"555\" src=\"https:\/\/oficinadevalor.com.br\/wp-content\/uploads\/2019\/05\/Segmentacao_Brasil_2018-2.pdf-Google-Chrome-396x555.jpg\" class=\"attachment-medium size-medium wp-image-3748\" alt=\"\" srcset=\"https:\/\/oficinadevalor.com.br\/wp-content\/uploads\/2019\/05\/Segmentacao_Brasil_2018-2.pdf-Google-Chrome-396x555.jpg 396w, https:\/\/oficinadevalor.com.br\/wp-content\/uploads\/2019\/05\/Segmentacao_Brasil_2018-2.pdf-Google-Chrome-107x150.jpg 107w, https:\/\/oficinadevalor.com.br\/wp-content\/uploads\/2019\/05\/Segmentacao_Brasil_2018-2.pdf-Google-Chrome.jpg 400w\" sizes=\"(max-width: 396px) 100vw, 396px\" \/>\t\t\t\t\t\t\t\t\t\t\t<figcaption class=\"widget-image-caption wp-caption-text\">Baixe nosso e-book<\/figcaption>\n\t\t\t\t\t\t\t\t\t\t<\/figure>\n\t\t\t\t\t\t\t<\/div>\n\t\t\t\t<\/div>\n\t\t\t\t\t<\/div>\n\t\t<\/div>\n\t\t\t\t\t<\/div>\n\t\t<\/section>\n\t\t\t\t<section class=\"elementor-section elementor-top-section elementor-element elementor-element-68a748b3 elementor-section-full_width elementor-section-height-default elementor-section-height-default\" data-id=\"68a748b3\" data-element_type=\"section\">\n\t\t\t\t\t\t<div class=\"elementor-container elementor-column-gap-default\">\n\t\t\t\t\t<div class=\"elementor-column elementor-col-66 elementor-top-column elementor-element elementor-element-3fc5244\" data-id=\"3fc5244\" data-element_type=\"column\">\n\t\t\t<div class=\"elementor-widget-wrap elementor-element-populated\">\n\t\t\t\t\t\t<div class=\"elementor-element elementor-element-6a1a191 elementor-widget elementor-widget-wp-widget-recent-posts\" data-id=\"6a1a191\" data-element_type=\"widget\" data-widget_type=\"wp-widget-recent-posts.default\">\n\t\t\t\t<div class=\"elementor-widget-container\">\n\t\t\t\n\t\t\n\t\t<h5>Recent Posts<\/h5>\n\t\t<ul>\n\t\t\t\t\t\t\t\t\t\t\t<li>\n\t\t\t\t\t<a href=\"https:\/\/oficinadevalor.com.br\/ng\/como-pessoas-de-negocios-podem-se-beneficiar-do-data-lake\/\">Como as pessoas de neg\u00f3cios podem se beneficiar do data lake<\/a>\n\t\t\t\t\t\t\t\t\t<\/li>\n\t\t\t\t\t\t\t\t\t\t\t<li>\n\t\t\t\t\t<a href=\"https:\/\/oficinadevalor.com.br\/ng\/i-a-machine-learning-e-deep-learning-replicar-memorizar-e-aprender\/\">I.A., Machine Learning e Deep Learning: Replicar, Memorizar e Aprender<\/a>\n\t\t\t\t\t\t\t\t\t<\/li>\n\t\t\t\t\t\t\t\t\t\t\t<li>\n\t\t\t\t\t<a href=\"https:\/\/oficinadevalor.com.br\/ng\/o-que-e-ser-purple-people\/\">O que \u00e9 ser Purple People ?<\/a>\n\t\t\t\t\t\t\t\t\t<\/li>\n\t\t\t\t\t\t\t\t\t\t\t<li>\n\t\t\t\t\t<a href=\"https:\/\/oficinadevalor.com.br\/ng\/como-transformar-dados-em-execucao-inteligente\/\">Como transformar dados em execu\u00e7\u00e3o inteligente?<\/a>\n\t\t\t\t\t\t\t\t\t<\/li>\n\t\t\t\t\t<\/ul>\n\n\t\t\t\t<\/div>\n\t\t\t\t<\/div>\n\t\t\t\t\t<\/div>\n\t\t<\/div>\n\t\t\t\t<div class=\"elementor-column elementor-col-33 elementor-top-column elementor-element elementor-element-7828fac0\" data-id=\"7828fac0\" data-element_type=\"column\" data-settings=\"{&quot;background_background&quot;:&quot;classic&quot;}\">\n\t\t\t<div class=\"elementor-widget-wrap\">\n\t\t\t\t\t\t\t<\/div>\n\t\t<\/div>\n\t\t\t\t\t<\/div>\n\t\t<\/section>\n\t\t\t\t<section class=\"elementor-section elementor-top-section elementor-element elementor-element-8ce91f6 elementor-section-boxed elementor-section-height-default elementor-section-height-default\" data-id=\"8ce91f6\" data-element_type=\"section\">\n\t\t\t\t\t\t<div class=\"elementor-container elementor-column-gap-default\">\n\t\t\t\t\t<div class=\"elementor-column elementor-col-100 elementor-top-column elementor-element elementor-element-68ca958\" data-id=\"68ca958\" data-element_type=\"column\">\n\t\t\t<div class=\"elementor-widget-wrap\">\n\t\t\t\t\t\t\t<\/div>\n\t\t<\/div>\n\t\t\t\t\t<\/div>\n\t\t<\/section>\n\t\t\t\t<\/div>\n\t\t","protected":false},"excerpt":{"rendered":"<p>BLOG Facebook Twitter Linkedin Baixe nosso e-book<\/p>\n","protected":false},"author":7,"featured_media":0,"parent":0,"menu_order":0,"comment_status":"closed","ping_status":"closed","template":"elementor_header_footer","meta":{"footnotes":""},"class_list":["post-3771","page","type-page","status-publish","hentry"],"_links":{"self":[{"href":"https:\/\/oficinadevalor.com.br\/ng\/wp-json\/wp\/v2\/pages\/3771"}],"collection":[{"href":"https:\/\/oficinadevalor.com.br\/ng\/wp-json\/wp\/v2\/pages"}],"about":[{"href":"https:\/\/oficinadevalor.com.br\/ng\/wp-json\/wp\/v2\/types\/page"}],"author":[{"embeddable":true,"href":"https:\/\/oficinadevalor.com.br\/ng\/wp-json\/wp\/v2\/users\/7"}],"replies":[{"embeddable":true,"href":"https:\/\/oficinadevalor.com.br\/ng\/wp-json\/wp\/v2\/comments?post=3771"}],"version-history":[{"count":6,"href":"https:\/\/oficinadevalor.com.br\/ng\/wp-json\/wp\/v2\/pages\/3771\/revisions"}],"predecessor-version":[{"id":3783,"href":"https:\/\/oficinadevalor.com.br\/ng\/wp-json\/wp\/v2\/pages\/3771\/revisions\/3783"}],"wp:attachment":[{"href":"https:\/\/oficinadevalor.com.br\/ng\/wp-json\/wp\/v2\/media?parent=3771"}],"curies":[{"name":"wp","href":"https:\/\/api.w.org\/{rel}","templated":true}]}}